{"id":4676,"date":"2025-05-12T18:39:12","date_gmt":"2025-05-12T16:39:12","guid":{"rendered":"https:\/\/www.dtv-stallikon.ch\/?page_id=4676"},"modified":"2025-05-14T07:55:52","modified_gmt":"2025-05-14T05:55:52","slug":"datenschutzerklaerung","status":"publish","type":"page","link":"https:\/\/www.dtv-stallikon.ch\/?page_id=4676","title":{"rendered":"Datenschutzerkl\u00e4rung"},"content":{"rendered":"\n<p><strong>1. Wer wir sind<br><br><\/strong>Die Adresse unserer Webseite ist: https:\/\/www.dtv-stallikon.ch<\/p>\n\n\n\n<p>Der Schutz Ihrer Privatsph\u00e4re ist uns ein wichtiges Anliegen. Mit der folgenden Datenschutzerkl\u00e4rung erl\u00e4utern wir Ihnen, welche Personendaten wir von Ihnen zu welchem Zweck bearbeiten, wenn Sie unsere Website besuchen oder Sie Mitglied in unserem Verein sind. Um eine hohe Transparenz zu gew\u00e4hrleisten, werden diese Datenschutzerkl\u00e4rung regelm\u00e4ssig \u00fcberpr\u00fcft und aktualisiert.<\/p>\n\n\n\n<p><strong>2. Wir nutzen WordPress<br><\/strong><br>Unsere Website basiert auf der Plattform WordPress, einem Content-Management-System, das von der Automattic Inc., 60 29th Street #343, San Francisco, CA 94110, USA entwickelt wurde. WordPress erm\u00f6glicht es uns, Inhalte zu erstellen, zu verwalten und zu ver\u00f6ffentlichen.<br><br>Bei der Nutzung unserer Website, die auf WordPress basiert, k\u00f6nnen verschiedene Daten, einschliesslich Ihrer IP-Adresse, Datum und Uhrzeit des Zugriffs, sowie Informationen \u00fcber den von Ihnen genutzten Browser, erfasst und gespeichert werden. Diese Daten werden haupts\u00e4chlich f\u00fcr administrative Zwecke und zur Sicherstellung eines st\u00f6rungsfreien Betriebs der Website verwendet.<br><br>Einige WordPress-Funktionen, wie Kommentare oder Kontaktformulare, k\u00f6nnen zus\u00e4tzliche personenbezogene Daten erfassen, wenn Sie diese nutzen.<\/p>\n\n\n\n<p><strong>3. Verantwortlicher<br><br><\/strong>Verantwortlich f\u00fcr die Erhaltung der geltenden Datenschutzbestimmungen ist:<br>Damenturnverein Stallikon<br>8143 Stallikon<br><a href=\"mailto:dtv@gmx.ch\">dtv@gmx.ch<\/a><\/p>\n\n\n\n<p><strong>4. Bearbeitung von Personendaten<\/strong><\/p>\n\n\n\n<p>Wir bearbeiten diejenigen Personendaten, die Sie uns zur Verf\u00fcgung stellen zu Vereinszwecken. In diesem Rahmen bearbeiten wir insbesondere Angaben, die Sie uns selbst bei der Kontaktaufnahme (beispielsweise per Briefpost, E-Mail, Kontaktformular, Social Media oder Telefon) oder bei der Einschreibung als Vereinsmitglied freiwillig \u00fcbermitteln.<br><br>Namentlich werden Ihre Personendaten zu folgenden Zwecken bearbeitet:<\/p>\n\n\n\n<ul class=\"wp-block-list\">\n<li>Durchf\u00fchrung der Mitgliedschaft<\/li>\n\n\n\n<li>F\u00fchrung eines Adressbuchs<\/li>\n\n\n\n<li>Abwicklung der Rechnungsstellung und Bezahlung der Mitgliederbeitr\u00e4ge<\/li>\n\n\n\n<li>F\u00fchrung der Vereinshistorie<\/li>\n\n\n\n<li>Sicherstellung der Informations\u00fcbermittlung an die Mitglieder (gesch\u00fctzter Mitgliederbereich)<\/li>\n<\/ul>\n\n\n\n<p><strong>5. Medien<br><br><\/strong>Zum Teil werden an Veranstaltungen durch uns oder von uns beauftragten Mitglieder Fotografien auf denen teilnehmende Personen erkennbar sein k\u00f6nnen, erstellt.<br><br>Die Aufnahmen k\u00f6nnen zudem der Presse f\u00fcr die Berichterstattung \u00fcber Veranstaltungen zur Verf\u00fcgung gestellt werden. Die weitere vereinsinterne Nutzung und Aufbewahrung der Aufnahmen (z.B. zu historischen Zwecken im gesch\u00fctzten Mitgliederbereich) bleibt vorbehalten.<br><br>Falls solche Aufnahmen stattfinden, werden die Anwesenden nicht noch einmal explizit darauf hingewiesen, es ist davon auszugehen, dass jederzeit solche Aufnahmen stattfinden k\u00f6nnen. Alle an der Veranstaltung anwesenden Personen erkl\u00e4ren ihr Einverst\u00e4ndnis, dass die Fotografien seiner \/ ihrer Person f\u00fcr die obenerw\u00e4hnten Zwecke genutzt werden d\u00fcrfen.<\/p>\n\n\n\n<p><strong>6. Datensicherheit<\/strong><\/p>\n\n\n\n<p>Wir behandeln Ihre Daten vertraulich und gem\u00e4ss den in dieser Datenschutzerkl\u00e4rung festgelegten Zwecken. Wir achten dabei auf eine transparente und verh\u00e4ltnism\u00e4ssige Bearbeitung.<\/p>\n\n\n\n<p>Wir treffen angemessene und geeignete technische und organisatorische Massnahmen, um den Datenschutz und insbesondere die Datensicherheit zu gew\u00e4hrleisten.<\/p>\n\n\n\n<p><strong>7. Cookies<br><br><\/strong>Wie viele andere Webseiten verwenden wir auch so genannte \u201eCookies\u201c. Cookies sind kleine Textdateien, die von einem Websiteserver auf Ihre Festplatte \u00fcbertragen werden. Hierdurch erhalten wir automatisch bestimmte Daten wie z. B. IP-Adresse, verwendeter Browser, Betriebssystem und Ihre Verbindung zum Internet. Cookies k\u00f6nnen nicht verwendet werden, um Programme zu starten oder Viren auf einen Computer zu \u00fcbertragen. Anhand der in Cookies enthaltenen Informationen k\u00f6nnen wir Ihnen die Navigation erleichtern und die korrekte Anzeige unserer Webseiten erm\u00f6glichen. In keinem Fall werden die von uns erfassten Daten an Dritte weitergegeben oder ohne Ihre Einwilligung eine Verkn\u00fcpfung mit personenbezogenen Daten hergestellt. Nat\u00fcrlich k\u00f6nnen Sie unsere Website grunds\u00e4tzlich auch ohne Cookies betrachten. Internet-Browser sind regelm\u00e4ssig so eingestellt, dass sie Cookies akzeptieren. Im Allgemeinen k\u00f6nnen Sie die Verwendung von Cookies jederzeit \u00fcber die Einstellungen Ihres Browsers deaktivieren. Bitte verwenden Sie die Hilfefunktionen Ihres Internetbrowsers, um zu erfahren, wie Sie diese Einstellungen \u00e4ndern k\u00f6nnen. Bitte beachten Sie, dass einzelne Funktionen unserer Website m\u00f6glicherweise nicht funktionieren, wenn Sie die Verwendung von Cookies deaktiviert haben.<\/p>\n\n\n\n<p><strong>8. \u00a0SSL-Verschl\u00fcsselung<br><br><\/strong>Um die Sicherheit Ihrer Daten bei der \u00dcbertragung zu sch\u00fctzen, verwenden wir dem aktuellen Stand der Technik entsprechende Verschl\u00fcsselungsverfahren (z. B. SSL) \u00fcber HTTPS.<br><br><strong>9.  Schlussbestimmungen<\/strong><br><br>Wir k\u00f6nnen diese Datenschutzerkl\u00e4rung jederzeit anpassen und erg\u00e4nzen. Wir werden \u00fcber solche Anpassungen und Erg\u00e4nzungen in geeigneter Form informieren, insbesondere durch Ver\u00f6ffentlichung der jeweils aktuellen Datenschutzerkl\u00e4rung auf unserer Website.<br><\/p>\n\n\n\n<p><strong>BrainBox Generatoren<\/strong><\/p>\n\n\n\n<p>BrainBox Generatoren ist ein Dienst der <a href=\"https:\/\/brainbox.swiss\/\" target=\"_blank\" rel=\"noreferrer noopener\">BrainBox Solutions GmbH<\/a>, um alle datenschutzrelevanten Dienste auf einer Website zu erkennen und unter anderem damit bei der Erstellung der Datenschutzerkl\u00e4rung zu helfen. Dabei werden keine personenbezogenen Daten erfasst oder verarbeitet.<\/p>\n","protected":false},"excerpt":{"rendered":"<p>1. Wer wir sind Die Adresse unserer Webseite ist: https:\/\/www.dtv-stallikon.ch Der Schutz Ihrer Privatsph\u00e4re ist uns ein wichtiges Anliegen. Mit der folgenden Datenschutzerkl\u00e4rung erl\u00e4utern wir Ihnen, welche Personendaten wir von Ihnen zu welchem Zweck bearbeiten, wenn Sie unsere Website besuchen &hellip; <a href=\"https:\/\/www.dtv-stallikon.ch\/?page_id=4676\">Weiterlesen <span class=\"meta-nav\">&rarr;<\/span><\/a><\/p>\n","protected":false},"author":3,"featured_media":0,"parent":0,"menu_order":11,"comment_status":"closed","ping_status":"closed","template":"","meta":{"footnotes":""},"class_list":["post-4676","page","type-page","status-publish","hentry"],"_links":{"self":[{"href":"https:\/\/www.dtv-stallikon.ch\/index.php?rest_route=\/wp\/v2\/pages\/4676","targetHints":{"allow":["GET"]}}],"collection":[{"href":"https:\/\/www.dtv-stallikon.ch\/index.php?rest_route=\/wp\/v2\/pages"}],"about":[{"href":"https:\/\/www.dtv-stallikon.ch\/index.php?rest_route=\/wp\/v2\/types\/page"}],"author":[{"embeddable":true,"href":"https:\/\/www.dtv-stallikon.ch\/index.php?rest_route=\/wp\/v2\/users\/3"}],"replies":[{"embeddable":true,"href":"https:\/\/www.dtv-stallikon.ch\/index.php?rest_route=%2Fwp%2Fv2%2Fcomments&post=4676"}],"version-history":[{"count":1,"href":"https:\/\/www.dtv-stallikon.ch\/index.php?rest_route=\/wp\/v2\/pages\/4676\/revisions"}],"predecessor-version":[{"id":4677,"href":"https:\/\/www.dtv-stallikon.ch\/index.php?rest_route=\/wp\/v2\/pages\/4676\/revisions\/4677"}],"wp:attachment":[{"href":"https:\/\/www.dtv-stallikon.ch\/index.php?rest_route=%2Fwp%2Fv2%2Fmedia&parent=4676"}],"curies":[{"name":"wp","href":"https:\/\/api.w.org\/{rel}","templated":true}]}}